
{"id":5149,"date":"2020-04-03T22:03:23","date_gmt":"2020-04-03T20:03:23","guid":{"rendered":"https:\/\/shop.rizman.com.hr\/?page_id=5149"},"modified":"2020-04-14T19:59:04","modified_gmt":"2020-04-14T17:59:04","slug":"payment-and-secure-shopping","status":"publish","type":"page","link":"https:\/\/rizman.com.hr\/en\/payment-and-secure-shopping\/","title":{"rendered":"Payment and secure shopping"},"content":{"rendered":"\n\t<section class=\"section\" id=\"section_1243491840\">\n\t\t<div class=\"section-bg fill\" >\n\t\t\t\t\t\t\t\t\t\n\t\t\t\n\n\t\t<\/div>\n\n\t\t\n\n\t\t<div class=\"section-content relative\">\n\t\t\t\n<div class=\"row\"  id=\"row-2046205758\">\n\n\t<div id=\"col-1815523072\" class=\"col medium-3 small-12 large-3\"  >\n\t\t\t\t<div class=\"col-inner\"  >\n\t\t\t\n\t\t\t\n\t\t<\/div>\n\t\t\t\t\t<\/div>\n\n\t\n\n\t<div id=\"col-1894028863\" class=\"col medium-9 small-12 large-9\"  >\n\t\t\t\t<div class=\"col-inner\"  >\n\t\t\t\n\t\t\t\n<div class=\"container section-title-container\" ><h3 class=\"section-title section-title-normal\"><b aria-hidden=\"true\"><\/b><span class=\"section-title-main\" >PLA\u0106ANJE I SIGURNA KUPOVINA<\/span><b aria-hidden=\"true\"><\/b><\/h3><\/div>\n<p>Za narud\u017ebe u Dalmatian wines &#8211; rizman.com.hr webshopu dostupni su slijede\u0107i oblici pla\u0107anja:<\/p>\n<h3>Online pla\u0107anje kreditnim ili debitnim karticama<\/h3>\n<p>Za\u0161ti\u0107eno najvi\u0161im sigurnosnim standardima<\/p>\n<p><img loading=\"lazy\" decoding=\"async\" class=\"size-full wp-image-7096 alignleft\" src=\"https:\/\/rizman.com.hr\/wp-content\/uploads\/2020\/04\/kartice.png\" alt=\"\" width=\"670\" height=\"50\" srcset=\"https:\/\/rizman.com.hr\/wp-content\/uploads\/2020\/04\/kartice.png 670w, https:\/\/rizman.com.hr\/wp-content\/uploads\/2020\/04\/kartice-500x37.png 500w, https:\/\/rizman.com.hr\/wp-content\/uploads\/2020\/04\/kartice-300x22.png 300w\" sizes=\"auto, (max-width: 670px) 100vw, 670px\" \/><\/p>\n<h4>Jednokratno online pla\u0107anje<\/h4>\n<ul>\n<li>Visa<\/li>\n<li>MasterCard<\/li>\n<li>Maestro<\/li>\n<li>Diners<\/li>\n<li>Discover<\/li>\n<\/ul>\n<h3>Sigurnost online pla\u0107anja<\/h3>\n<p>Dalmatian wines d.o.o. na rizman.com.hr webshop koristi WSPay za online pla\u0107anja.<\/p>\n<p>WSPay je siguran sustav za online pla\u0107anje, pla\u0107anje u realnom vremenu, kreditnim i debitnim karticama te drugim na\u010dinima pla\u0107anja. WSPay kupcu i trgovcu osiguravaju siguran upis i prijenos upisanih podataka o karticama \u0161to podvr\u0111uje i PCI DSS certifikat koji WSPay ima. WSPay koristi SSL certifikat 256 bitne enkripcije te TLS 1.2 kriptografski protokol kao najvi\u0161e stupnjeve za\u0161tite kod upisa i prijenosa podataka.<\/p>\n<p>Prilikom pla\u0107anja kreditnim i debitnim karticama za autorizaciju transkacije bit \u0107ete preusmjereni na stranice platforme WSpay\u2122 WSpayForm, pru\u017eatelja usluge \u00a0Web Studio d.o.o., \u0106i\u0107arijska 10, HR-51000 Rijeka.<\/p>\n<p><em>Unos i prijenos osobnih podataka i podataka o broju kreditne kartice za\u0161ti\u0107en je najvi\u0161im sigurnosnim standardima koje osigurava WSpay\u2122 sustav za on-line autorizaciju kreditnih kartica u skladu sa zahtjevima karti\u010dara i karti\u010darskih brendova te PCI DSS standarda. Autorizacija i naplata kreditnih kartica radi se kori\u0161tenjem sustava WSpay\u2122 za autorizaciju i naplatu kartica u realnom vremenu<\/em>.<\/p>\n<p><a href=\"http:\/\/www.wspay.info\" target=\"_blank\" rel=\"noopener noreferrer\"><img loading=\"lazy\" decoding=\"async\" class=\"size-full wp-image-4706 alignnone\" src=\"https:\/\/shop.rizman.com.hr\/wp-content\/uploads\/2020\/04\/wsPayWebSecureLogo-118x50-transparent.png\" alt=\"\" width=\"118\" height=\"50\" \/><\/a><\/p>\n<h3 class=\"cms-list-aligned-title\">Bankovna uplata po ponudi<\/h3>\n<ul class=\"cms-list-aligned-nested\">\n<li>Jednokratno<\/li>\n<li>Pla\u0107anje po ponudi (ponuda vrijedi tri dana)<\/li>\n<\/ul>\n<p><span class=\"more-details opened\">Uplatu iznosa robe i tro\u0161ka dostave izvr\u0161ite pla\u0107anjem na na\u0161 bankovni ra\u010dun prema ponudi koju \u0107ete zaprimiti na email nakon \u0161to potvrdite narud\u017ebu. Naru\u010dena roba se priprema za isporuku nakon \u0161to su sredstva vidljiva na na\u0161em ra\u010dunu. Ponuda vrijedi tri dana.<\/span><\/p>\n\t\t<\/div>\n\t\t\t\t\t<\/div>\n\n\t\n<\/div>\n\t\t<\/div>\n\n\t\t\n<style>\n#section_1243491840 {\n  padding-top: 30px;\n  padding-bottom: 30px;\n}\n<\/style>\n\t<\/section>\n\t\n","protected":false},"excerpt":{"rendered":"","protected":false},"author":1,"featured_media":0,"parent":0,"menu_order":0,"comment_status":"closed","ping_status":"closed","template":"","meta":{"footnotes":""},"class_list":["post-5149","page","type-page","status-publish","hentry"],"_links":{"self":[{"href":"https:\/\/rizman.com.hr\/en\/wp-json\/wp\/v2\/pages\/5149","targetHints":{"allow":["GET"]}}],"collection":[{"href":"https:\/\/rizman.com.hr\/en\/wp-json\/wp\/v2\/pages"}],"about":[{"href":"https:\/\/rizman.com.hr\/en\/wp-json\/wp\/v2\/types\/page"}],"author":[{"embeddable":true,"href":"https:\/\/rizman.com.hr\/en\/wp-json\/wp\/v2\/users\/1"}],"replies":[{"embeddable":true,"href":"https:\/\/rizman.com.hr\/en\/wp-json\/wp\/v2\/comments?post=5149"}],"version-history":[{"count":0,"href":"https:\/\/rizman.com.hr\/en\/wp-json\/wp\/v2\/pages\/5149\/revisions"}],"wp:attachment":[{"href":"https:\/\/rizman.com.hr\/en\/wp-json\/wp\/v2\/media?parent=5149"}],"curies":[{"name":"wp","href":"https:\/\/api.w.org\/{rel}","templated":true}]}}