
{"id":3443,"date":"2018-05-28T15:37:52","date_gmt":"2018-05-28T13:37:52","guid":{"rendered":"https:\/\/rizman.com.hr\/?page_id=3443"},"modified":"2018-06-11T12:10:20","modified_gmt":"2018-06-11T10:10:20","slug":"uvjeti-privatnosti","status":"publish","type":"page","link":"https:\/\/rizman.com.hr\/en\/uvjeti-privatnosti\/","title":{"rendered":"Uvjeti privatnosti"},"content":{"rendered":"  <div id=\"page-header-29950158\" class=\"page-header-wrapper\">\n  <div class=\"page-title light normal-title\">\n\n    \n    <div class=\"page-title-inner container align-center flex-row medium-flex-wrap\" >\n              <div class=\"title-wrapper flex-col text-left medium-text-center\">\n          <h1 class=\"entry-title mb-0\">\n            Uvjeti privatnosti          <\/h1>\n        <\/div>\n                    <div class=\"title-content flex-col flex-right text-right medium-text-center\">\n        <div class=\"title-breadcrumbs pb-half pt-half\"><nav class=\"woocommerce-breadcrumb breadcrumbs uppercase\" aria-label=\"Breadcrumb\">Home<\/nav><\/div>      <\/div>\n    <\/div>\n\n       <\/div>\n    <\/div>\n  \n\n\t<section class=\"section\" id=\"section_959427228\">\n\t\t<div class=\"section-bg fill\" >\n\t\t\t\t\t\t\t\t\t\n\t\t\t\n\n\t\t<\/div>\n\n\t\t\n\n\t\t<div class=\"section-content relative\">\n\t\t\t\n<div class=\"row\"  id=\"row-1878161382\">\n\n\t<div id=\"col-2063330445\" class=\"col small-12 large-12\"  >\n\t\t\t\t<div class=\"col-inner\"  >\n\t\t\t\n\t\t\t\n<p>Rizman se u skladu s Uredbom (EU) br. 2016\/679 obvezuje pru\u017eati za\u0161titu osobnih podataka, na na\u010din da prikupljaju samo nu\u017ene, osnovne podatke o kupcima koji su potrebni za ispunjenje na\u0161ih obveza; informira korisnike o na\u010dinu kori\u0161tenja prikupljenih podataka, redovito daje mogu\u0107nost izbora o upotrebi njihovih podataka, uklju\u010duju\u0107i mogu\u0107nost odluke \u017eele li da se njihovo ime ukloni s eventualnih popisa i baza podataka.<\/p>\n<h4><strong>Prikupljanje i obrada osobnih podataka<\/strong><\/h4>\n<p>Rizman u okviru prikupljanja i obrade osobnih podataka ne koriste kontakt formu na svojim internet stranicama. Osobni podaci koje osobe ustupe putem email kontakta koriste se isklju\u010divo za komunikaciju sa korisnikom vezanu uz upit i zapo\u010detu konverzaciju. Osobni podaci se se spremaju dok traje konverzacija vezana uz upit koji je poslao korisnik te se po zavr\u0161etku konverzacije bri\u0161i i ne arhiviraju se osim ako su ta prava ograni\u010dena zakonom. Osobni podaci dobiveni putem elektronskepo\u0161te ne koriste se za daljnju obradu podataka ili za druge marketin\u0161ke aktivnosti, a sve sukladno GDPR uredbi.<\/p>\n<h4><strong>Pravo na zaborav i brisanje osobnih podataka<\/strong><\/h4>\n<p>Kao ispitanik imate\u00a0<strong>pravo pristupa, ispravka, brisanja\u00a0<\/strong>(\u201epravo na zaborav\u201c),\u00a0<strong>pravo na ograni\u010davanje obrade, prenosivost podataka, prigovor obradi osobnih podataka<\/strong>\u00a0koji vas se ti\u010du na temelju \u010clanka 6. (1) e) ili f) Op\u0107e uredbe o za\u0161titi podataka ili kad se osobni podaci obra\u0111uju u svrhu izravnog marketinga u skladu s primjenjivim zakonom.<\/p>\n<p>Imajte na umu da su va\u0161a prethodno navedena prava ograni\u010dena zakonom i moramo ih nastojati po\u0161tivati samo pod odre\u0111enim uvjetima.<\/p>\n<p>Ako \u017eelite ostvariti neko od prethodno navedenih prava, kontaktirajte nas elektroni\u010dkim putem na\u00a0<a href=\"mailto:info@rizman.com.hr\"><strong>info@rizman.com.hr<\/strong><\/a><\/p>\n<h4><strong>Cookie policy<\/strong><\/h4>\n<p>Kako bi ova web stranica radila pravilno, kako bismo bili u stanju vr\u0161iti daljnja unaprje\u0111enja stranice, u svrhu pobolj\u0161avanja va\u0161ega iskustva pregledavanja, ova stranica mora na va\u0161e ra\u010dunalo spremiti malenu koli\u010dinu informacija (Cookies). Preko 90% svih web stranica koristi ovu praksu no prema regulacijama Europske unije od 25.3.2011. obvezni smo prije spremanja Cookie-a zatra\u017eiti va\u0161 pristanak. Kori\u0161tenjem web stranice pristajete na uporabu Cookie-a. Blokiranjem cookie i dalje mo\u017eete pregledavati stranicu, no neke njezine mogu\u0107nosti Vam ne\u0107e biti dostupne.<\/p>\n<h4><strong>\u0160to je kola\u010di\u0107?<\/strong><\/h4>\n<p>Kola\u010di\u0107 je informacija spremljena na Va\u0161e ra\u010dunalo od strane web stranice koju posjetite. Kola\u010di\u0107i obi\u010dno spremaju Va\u0161e postavke, postavke za web stranicu, kao \u0161to su preferirani jezik ili adresa. Kasnije, kada opet otvorite istu web stranicu internet preglednik \u0161alje natrag kola\u010di\u0107e koji pripadaju toj stranici. Ovo omogu\u0107ava stranici da prika\u017ee informacije prilago\u0111ene Va\u0161im potrebama. Kola\u010di\u0107i mogu spremati \u0161irok pojas informacija uklju\u010duju\u0107i osobne informacije (kao \u0161to je Va\u0161e ime ili email adresa). Ipak, ova informacija mo\u017ee biti spremljena jedino ako Vi to omogu\u0107ite \u2013 web stranice ne mogu dobiti pristup informacijama koji im Vi niste dali i ne mogu pristupiti drugim datotekama na Va\u0161em ra\u010dunalu. Zadane aktivnosti spremanja i slanja kola\u010di\u0107a Vama nisu vidljive. Ipak, mo\u017eete promjeniti Va\u0161e postavke internet preglednika da mo\u017eete sami birati ho\u0107ete li zahtjeve za spremanje kola\u010di\u0107a odobriti ili odbiti, pobri\u0161ete spremljene kola\u010di\u0107e automatski pri zatvaranju internet preglednika i sli\u010dno.<\/p>\n<h4><strong>\u0160to su privremeni kola\u010di\u0107i?<\/strong><\/h4>\n<p>Privremeni kola\u010di\u0107i ili kola\u010di\u0107i sesije uklanjaju se s ra\u010dunala po zatvaranju internet preglednika. Pomo\u0107u njih web mjesta pohranjuju privremene podatke, poput stavki u ko\u0161arici za kupnju.<\/p>\n<h4><strong>\u0160to su stalni kola\u010di\u0107i?<\/strong><\/h4>\n<p>Stalni ili spremljeni kola\u010di\u0107i ostaju na ra\u010dunalu nakon zatvaranja programa internet preglednika. Pomo\u0107u njih web mjesta pohranjuju podatke, kao \u0161to su ime za prijavu i lozinka, tako da se ne morate prijavljivati prilikom svakog posjeta odre\u0111enom mjestu. Stalni kola\u010di\u0107i ostat \u0107e na ra\u010dunalu danima, mjesecima, \u010dak i godinama.<\/p>\n<h4><strong>\u0160to su kola\u010di\u0107i od prve strane?<\/strong><\/h4>\n<p>Kola\u010di\u0107i od prve strane dolaze s web mjesta koje gledate, a mogu biti stalni ili privremeni. Pomo\u0107u tih kola\u010di\u0107a web mjesta mogu pohraniti podatke koje \u0107e ponovo koristiti prilikom sljede\u0107eg posjeta tom web mjestu.<\/p>\n<h4><strong>\u0160to su kola\u010di\u0107i tre\u0107e strane?<\/strong><\/h4>\n<p>Kola\u010di\u0107i tre\u0107e strane dolaze s reklama drugih web mjesta (kao \u0161to su sko\u010dne ili druge reklame) koje se nalaze na web-mjestu koje gledate. Pomo\u0107u tih kola\u010di\u0107a web mjesta mogu pratiti kori\u0161tenje Interneta u marketin\u0161ke svrhe. Mogu\u0107nosti pode\u0161avanja privatnosti u ve\u0107ini modernih preglednika omogu\u0107uju blokiranje kola\u010di\u0107a tre\u0107e strane.<\/p>\n<h4><strong>Da li rizman.com.hr koristi kola\u010di\u0107e?<\/strong><\/h4>\n<p>Da, s primarnim ciljem kako bi na\u0161e web stranice vam omogu\u0107ile bolje korisni\u010dko iskustvo. Tako\u0111er se koriste za pra\u0107enje statistika posje\u0107enosti: kola\u010di\u0107i skupljaju informacije o interakcijama posjetitelja na na\u0161im web stranicama. Koriste se za pohranu i ostalih podataka vezanih uz korisni\u010dku aktivnost.<br \/>\nZa normalno funkcioniranje web programa: kola\u010di\u0107i slu\u017ee za normalno funkcioniranje odre\u0111enih mogu\u0107nosti web mjesta koje korisnicima olak\u0161avaju pristup sadr\u017eaju.<\/p>\n<h5><strong>Popis kola\u010di\u0107a<\/strong><\/h5>\n<table>\n<thead>\n<tr>\n<th><small>Naziv kola\u010di\u0107a<\/small><\/th>\n<th><small>Info<\/small><\/th>\n<\/tr>\n<\/thead>\n<tbody>\n<tr>\n<td data-customtitle=\"Naziv kola\u010di\u0107a\">PHPSESSID<\/td>\n<td data-customtitle=\"Info\">Identifikator sesije. Obavezan kola\u010di\u0107 za normalno funkcioniranje stranice.<\/td>\n<\/tr>\n<tr>\n<td data-customtitle=\"Naziv kola\u010di\u0107a\">_postavke_kolacica<\/td>\n<td data-customtitle=\"Info\">Kola\u010di\u0107 koji sprema va\u0161 odabir postavki za kola\u010di\u0107a na stranici.<\/td>\n<\/tr>\n<tr>\n<td data-customtitle=\"Naziv kola\u010di\u0107a\">under_construction<\/td>\n<td data-customtitle=\"Info\">Kola\u010di\u0107 potreban za normalno funkcioniranje stranice. U slu\u010daju da se se na stranici obavljaju tehni\u010dki radovi prikazuje obavijest posjetiteljima portala.<\/td>\n<\/tr>\n<tr>\n<td data-customtitle=\"Naziv kola\u010di\u0107a\">_ga<\/td>\n<td data-customtitle=\"Info\">Koristi se za razlikovanje korisnika<\/td>\n<\/tr>\n<tr>\n<td data-customtitle=\"Naziv kola\u010di\u0107a\">_gid<\/td>\n<td data-customtitle=\"Info\">Google Analytics upotrebljava taj kola\u010di\u0107 za pohranu i a\u017euriranje jedinstvene vrijednosti za svaku stranicu posje\u0107enu. Kola\u010di\u0107 se a\u017eurira svaki put kada po\u0161aljete podatke u Google Analytics.<\/td>\n<\/tr>\n<tr>\n<td data-customtitle=\"Naziv kola\u010di\u0107a\">_gat<\/td>\n<td data-customtitle=\"Info\">Koristi se za razlikovanje razli\u010ditih objekata pra\u0107enja stvorenih u sesiji. Kola\u010di\u0107 se stvara prilikom u\u010ditavanja biblioteke programa javascript i nema prethodne verzije kola\u010di\u0107a _gat. Kola\u010di\u0107 se a\u017eurira svaki put kada po\u0161aljete podatke u Google Analytics.<\/td>\n<\/tr>\n<\/tbody>\n<\/table>\n<h4><strong>Kako onemogu\u0107iti kola\u010di\u0107e?<\/strong><\/h4>\n<p>Isklju\u010divanjem kola\u010di\u0107a odlu\u010dujete da li ho\u0107ete dopustiti pohranjivanje kola\u010di\u0107a na va\u0161em ra\u010dunalu. Cookie postavke mogu se kontrolirati i konfigurirati u va\u0161em web pregledniku. Za informacije o postavkama kola\u010di\u0107a, odaberite web preglednik koji koristite. Ako onemogu\u0107ite kola\u010di\u0107e, ne\u0107ete mo\u0107i koristiti neke od funkcionalnosti na web stranicama.<\/p>\n<h4><strong>Kori\u0161tenje Google Analytics i Google AdWords usluge<\/strong><\/h4>\n<p>Koristimo standardne Google Analytics funkcije, i dodatne ogla\u0161iva\u010dke funkcije, uklju\u010duju\u0107i:<br \/>\nPonovno ogla\u0161avanje preko Google analitike<br \/>\nIzvje\u0161tavanje o prikazima na Google mre\u017ei multimedijalnog ogla\u0161avanja<br \/>\nIntegracije DoubleClick platforme<br \/>\nIzvje\u0161taji Google analitike o demografskim kategorijama i interesima<\/p>\n<p>Korisnici mogu onemogu\u0107iti funkcije ogla\u0161avanja Google analitike sa strane<\/p>\n<p><a href=\"https:\/\/adssettings.google.com\/authenticated?hl=hr\" target=\"_blank\" rel=\"noopener\">http:\/\/www.google.com\/ads\/preferences\/<\/a>\u00a0(Upravljanje va\u0161im Google oglasima), i \/ ili kori\u0161tenjem<br \/>\n<a href=\"https:\/\/tools.google.com\/dlpage\/gaoptout\/\" target=\"_blank\" rel=\"noopener\">https:\/\/tools.google.com\/dlpage\/gaoptout\/<\/a>\u00a0(dodatka za onemogu\u0107avanje Google analitike).<\/p>\n<p>Tako\u0111er koristimo Google AdWords Remarketing alat za ogla\u0161avanje putem Interneta. AdWords<br \/>\nRemarketing alat \u0107e prikazati relevantne oglase ovisno o dijelovima stranice koje ste<br \/>\nposje\u0107ivali i tako spremili \u201ekola\u010di\u0107\u201c na Va\u0161em ra\u010dunalu. Ovaj \u201ekola\u010di\u0107\u201c ni na koji na\u010din Vas ne<br \/>\nidentificira ili daje pristup Va\u0161em ra\u010dunalu. Google AdWords Remarketing omogu\u0107ava nam<br \/>\npersonalizirani marketing koji \u0107e vi\u0161e odgovarati Va\u0161im potrebama i prikazuje samo oglase koji su<br \/>\nVama relevatni. Ako ne \u017eelite sudjelovati u Google AdWords Remarketingu mo\u017eete se odjaviti posjetom na\u00a0<a href=\"https:\/\/support.google.com\/ads\/answer\/2662922?hl=hr\" target=\"_blank\" rel=\"noopener\">Google Isklju\u010divanje prikaza prilago\u0111enih oglasa<\/a>\u00a0.<\/p>\n<p>Vi\u0161e se mo\u017eete informirati na sljede\u0107im linkovima:<br \/>\n<a href=\"https:\/\/www.aboutcookies.org\/\" target=\"_blank\" rel=\"noopener\">https:\/\/www.aboutcookies.org\/<\/a><br \/>\n<a href=\"http:\/\/www.youronlinechoices.eu\/\" target=\"_blank\" rel=\"noopener\">http:\/\/www.youronlinechoices.eu\/<\/a><br \/>\n<a href=\"http:\/\/azop.hr\/\" target=\"_blank\" rel=\"noopener\">http:\/\/azop.hr\/<\/a><\/p>\n\t\t<\/div>\n\t\t\t\t\t<\/div>\n\n\t\n<\/div>\n\t\t<\/div>\n\n\t\t\n<style>\n#section_959427228 {\n  padding-top: 0px;\n  padding-bottom: 0px;\n}\n<\/style>\n\t<\/section>\n\t\n","protected":false},"excerpt":{"rendered":"","protected":false},"author":1,"featured_media":0,"parent":0,"menu_order":0,"comment_status":"closed","ping_status":"closed","template":"","meta":{"footnotes":""},"class_list":["post-3443","page","type-page","status-publish","hentry"],"_links":{"self":[{"href":"https:\/\/rizman.com.hr\/en\/wp-json\/wp\/v2\/pages\/3443","targetHints":{"allow":["GET"]}}],"collection":[{"href":"https:\/\/rizman.com.hr\/en\/wp-json\/wp\/v2\/pages"}],"about":[{"href":"https:\/\/rizman.com.hr\/en\/wp-json\/wp\/v2\/types\/page"}],"author":[{"embeddable":true,"href":"https:\/\/rizman.com.hr\/en\/wp-json\/wp\/v2\/users\/1"}],"replies":[{"embeddable":true,"href":"https:\/\/rizman.com.hr\/en\/wp-json\/wp\/v2\/comments?post=3443"}],"version-history":[{"count":0,"href":"https:\/\/rizman.com.hr\/en\/wp-json\/wp\/v2\/pages\/3443\/revisions"}],"wp:attachment":[{"href":"https:\/\/rizman.com.hr\/en\/wp-json\/wp\/v2\/media?parent=3443"}],"curies":[{"name":"wp","href":"https:\/\/api.w.org\/{rel}","templated":true}]}}