
{"id":2690,"date":"2017-11-07T09:02:54","date_gmt":"2017-11-07T08:02:54","guid":{"rendered":"https:\/\/rizman.com.hr\/?page_id=2690"},"modified":"2025-05-27T13:31:16","modified_gmt":"2025-05-27T11:31:16","slug":"information","status":"publish","type":"page","link":"https:\/\/rizman.com.hr\/en\/technical-information\/information\/","title":{"rendered":"Vineyard profil"},"content":{"rendered":"\n\t<section class=\"section has-parallax\" id=\"section_1384718094\">\n\t\t<div class=\"section-bg fill\" data-parallax-container=\".section\" data-parallax-background data-parallax=\"-4\">\n\t\t\t<img loading=\"lazy\" decoding=\"async\" width=\"1280\" height=\"720\" src=\"https:\/\/rizman.com.hr\/wp-content\/uploads\/2017\/11\/podaci-rizman-1.jpg\" class=\"bg attachment-original size-original\" alt=\"\" \/>\t\t\t\t\t\t\n\t\t\t\n\n\t\t<\/div>\n\n\t\t\n\n\t\t<div class=\"section-content relative\">\n\t\t\t\n\t\t<\/div>\n\n\t\t\n<style>\n#section_1384718094 {\n  padding-top: 0px;\n  padding-bottom: 0px;\n  min-height: 65vh;\n}\n#section_1384718094 .section-bg img {\n  object-position: 51% 35%;\n}\n@media (min-width:550px) {\n  #section_1384718094 {\n    min-height: 75vh;\n  }\n}\n<\/style>\n\t<\/section>\n\t\n\n\t<section class=\"section\" id=\"section_562255801\">\n\t\t<div class=\"section-bg fill\" >\n\t\t\t\t\t\t\t\t\t\n\t\t\t\n\t<div class=\"is-border\"\n\t\tstyle=\"border-width:0px 0px 0px 0px;margin:0 0px 0px 0px;\">\n\t<\/div>\n\n\t\t<\/div>\n\n\t\t\n\n\t\t<div class=\"section-content relative\">\n\t\t\t\n\t\t<div class=\"hero-naslov\">\n\t\t\t\t\n<div>\n<h1 class=\"naslov-h\">Vineyard Profile<\/h1>\n<p class=\"naslov-p\">\n<\/div>\n\t\t<\/div>\n\t\n<div class=\"text-center\"><div class=\"is-divider divider clearfix\" style=\"margin-top:3em;margin-bottom:3em;max-width:10px;\"><\/div><\/div>\n<div class=\"row row-small\"  id=\"row-1418914713\">\n\n\t<div id=\"col-444344958\" class=\"col medium-4 small-12 large-4\"  >\n\t\t<div class=\"is-sticky-column\"><div class=\"is-sticky-column__inner\">\t\t<div class=\"col-inner\"  >\n\t\t\t\n\t\t\t\n<div class=\"nav-wrapper\"><ul class=\"nav nav-uppercase nav-vertical nav-size-large nav-tabs text-left nav-left\"><p class=\"lead shortcode-error text-center\">Sorry, no pages was found<\/p><\/ul><\/div>\n\t\t<\/div>\n\t\t<\/div><\/div>\t\t\t<\/div>\n\n\t\n\n\t<div id=\"col-108092726\" class=\"col medium-8 small-12 large-8\"  >\n\t\t\t\t<div class=\"col-inner text-center\"  >\n\t\t\t\n\t\t\t\n<div class=\"accordion\">\n\t<div id=\"accordion-2991848619\" class=\"accordion-item\">\n\t\t<a id=\"accordion-2991848619-label\" class=\"accordion-title plain\" href=\"#accordion-item-region-&#038;-location\" aria-expanded=\"false\" aria-controls=\"accordion-2991848619-content\">\n\t\t\t<button class=\"toggle\" aria-label=\"Toggle\"><i class=\"icon-angle-down\" aria-hidden=\"true\"><\/i><\/button>\n\t\t\t<span>Region &amp; Location<\/span>\n\t\t<\/a>\n\t\t<div id=\"accordion-2991848619-content\" class=\"accordion-inner\" aria-labelledby=\"accordion-2991848619-label\">\n\t\t\t\n<div class=\"row\"  id=\"row-991306686\">\n\n\t<div id=\"col-7194900\" class=\"col small-12 large-12\"  >\n\t\t\t\t<div class=\"col-inner\"  >\n\t\t\t\n\t\t\t\n\t<div id=\"text-645564993\" class=\"text\">\n\t\t\n<p>\u00a0<strong>Wine Region:<\/strong> Central and South Dalmatia, Dubrovnik-Neretva County<\/p>\n<p><strong>Winegrowing Area:<\/strong> Komarna<\/p>\n<p><strong>Protected Designation of Origin:<\/strong> Dalmacija<\/p>\n\t\t\n<style>\n#text-645564993 {\n  text-align: left;\n}\n<\/style>\n\t<\/div>\n\t\n\t\t<\/div>\n\t\t\t\t\t<\/div>\n\n\t\n<\/div>\n\t\t<\/div>\n\t<\/div>\n\t\n\t<div id=\"accordion-3196564305\" class=\"accordion-item\">\n\t\t<a id=\"accordion-3196564305-label\" class=\"accordion-title plain\" href=\"#accordion-item-vineyard\" aria-expanded=\"false\" aria-controls=\"accordion-3196564305-content\">\n\t\t\t<button class=\"toggle\" aria-label=\"Toggle\"><i class=\"icon-angle-down\" aria-hidden=\"true\"><\/i><\/button>\n\t\t\t<span>Vineyard<\/span>\n\t\t<\/a>\n\t\t<div id=\"accordion-3196564305-content\" class=\"accordion-inner\" aria-labelledby=\"accordion-3196564305-label\">\n\t\t\t\n<div class=\"row align-middle\"  id=\"row-1103204833\">\n\n\t<div id=\"col-748304840\" class=\"col small-12 large-12\"  >\n\t\t\t\t<div class=\"col-inner\"  >\n\t\t\t\n\t\t\t\n\t<div id=\"text-3264425000\" class=\"text\">\n\t\t\n<p><strong>Total Area:<\/strong> 23 hectares of certified organic vineyards<\/p>\n<p><strong>Altitude:<\/strong> 50-250 meters above sea level<\/p>\n<p><strong>Slope Orientation:<\/strong> South and southwest-facing slopes, with inclines up to 30%, ensuring optimal sun exposure and cooling coastal breezes<\/p>\n<p><strong>Soil Composition:<\/strong> Predominantly limestone with skeletal structure and low organic matter, providing excellent drainage and enhancing the wines\u2019 mineral profile<\/p>\n<p><strong>Sunshine Exposure:<\/strong> Over 2,600 hours of sunshine annually, fostering ideal grape ripening conditions<\/p>\n<p><strong>Precipitation:<\/strong> Average annual rainfall of 900 mm<\/p>\n<p><strong>Planting Density:<\/strong> Rows spaced 1.80 meters apart, with vines planted 80 cm apart<\/p>\n<p><strong>Water Retention:<\/strong> Low, due to the combination of soil composition and steep inclines<\/p>\n\t\t\n<style>\n#text-3264425000 {\n  text-align: left;\n}\n<\/style>\n\t<\/div>\n\t\n\t\t<\/div>\n\t\t\t\t\t<\/div>\n\n\t\n<\/div>\n\t\t<\/div>\n\t<\/div>\n\t\n\t<div id=\"accordion-3591021329\" class=\"accordion-item\">\n\t\t<a id=\"accordion-3591021329-label\" class=\"accordion-title plain\" href=\"#accordion-item-varieties-&#038;-production\" aria-expanded=\"false\" aria-controls=\"accordion-3591021329-content\">\n\t\t\t<button class=\"toggle\" aria-label=\"Toggle\"><i class=\"icon-angle-down\" aria-hidden=\"true\"><\/i><\/button>\n\t\t\t<span>Varieties &amp; Production<\/span>\n\t\t<\/a>\n\t\t<div id=\"accordion-3591021329-content\" class=\"accordion-inner\" aria-labelledby=\"accordion-3591021329-label\">\n\t\t\t\n<div class=\"row\"  id=\"row-1935305778\">\n\n\t<div id=\"col-187610012\" class=\"col small-12 large-12\"  >\n\t\t\t\t<div class=\"col-inner\"  >\n\t\t\t\n\t\t\t\n\t<div id=\"text-2749316382\" class=\"text\">\n\t\t\n<p><strong>Production Yield:<\/strong> Minimum 18 hl\/ha, Maximum 27 hl\/ha<\/p>\n<p><strong>Red Varieties<\/strong>: Plavac Mali, Tribidrag\/Zinfandel, Syrah, Dobri\u010di\u0107, Plavac Mali Sivi, Po\u0161ip Crni<\/p>\n<p><strong>White Varieties:<\/strong> Po\u0161ip, Grk, Viognier, Malvasija Dubrova\u010dka, Vugava, Cetinka, Bogdanu\u0161a, Mara\u0161tina, Bratkovina<\/p>\n<p><strong>First Planting:<\/strong> 2008, followed by 2009, 2010, 2013, 2022, and 2025<\/p>\n\t\t\n<style>\n#text-2749316382 {\n  text-align: left;\n}\n<\/style>\n\t<\/div>\n\t\n\t\t<\/div>\n\t\t\t\t\t<\/div>\n\n\t\n<\/div>\n\t\t<\/div>\n\t<\/div>\n\t\n\t<div id=\"accordion-1374242783\" class=\"accordion-item\">\n\t\t<a id=\"accordion-1374242783-label\" class=\"accordion-title plain\" href=\"#accordion-item-cultivation-&#038;-winemaking-approach\" aria-expanded=\"false\" aria-controls=\"accordion-1374242783-content\">\n\t\t\t<button class=\"toggle\" aria-label=\"Toggle\"><i class=\"icon-angle-down\" aria-hidden=\"true\"><\/i><\/button>\n\t\t\t<span>Cultivation &amp; Winemaking Approach<\/span>\n\t\t<\/a>\n\t\t<div id=\"accordion-1374242783-content\" class=\"accordion-inner\" aria-labelledby=\"accordion-1374242783-label\">\n\t\t\t\n<div class=\"row\"  id=\"row-259187540\">\n\n\t<div id=\"col-545598592\" class=\"col small-12 large-12\"  >\n\t\t\t\t<div class=\"col-inner\"  >\n\t\t\t\n\t\t\t\n\t<div id=\"text-2304197274\" class=\"text\">\n\t\t\n<p><strong>Viticultural Practices:<\/strong> Hand pruning, bud rubbing, green harvesting, and manual harvesting<\/p>\n<p><strong>Steep Vineyards:<\/strong> With slopes ranging from 5% to 30%, every intervention is done by hand to ensure precision and care in every stage of the vine\u2019s growth.<\/p>\n\t\t\n<style>\n#text-2304197274 {\n  text-align: left;\n}\n<\/style>\n\t<\/div>\n\t\n\t\t<\/div>\n\t\t\t\t\t<\/div>\n\n\t\n<\/div>\n\t\t<\/div>\n\t<\/div>\n\t\n\t<div id=\"accordion-4188553804\" class=\"accordion-item\">\n\t\t<a id=\"accordion-4188553804-label\" class=\"accordion-title plain\" href=\"#accordion-item-our-team\" aria-expanded=\"false\" aria-controls=\"accordion-4188553804-content\">\n\t\t\t<button class=\"toggle\" aria-label=\"Toggle\"><i class=\"icon-angle-down\" aria-hidden=\"true\"><\/i><\/button>\n\t\t\t<span>Our Team<\/span>\n\t\t<\/a>\n\t\t<div id=\"accordion-4188553804-content\" class=\"accordion-inner\" aria-labelledby=\"accordion-4188553804-label\">\n\t\t\t\n<div class=\"row\"  id=\"row-824415418\">\n\n\t<div id=\"col-936774063\" class=\"col small-12 large-12\"  >\n\t\t\t\t<div class=\"col-inner\"  >\n\t\t\t\n\t\t\t\n\t<div id=\"text-4090740619\" class=\"text\">\n\t\t\n<p><strong>\u00a0Owner:<\/strong> \u0160timac family<\/p>\n<p><strong>Agronomist &amp; Oenologist:<\/strong> Ivan Govorko, Luka Kalaj\u017ei\u0107<\/p>\n<p><strong>Consultant:<\/strong> Dirceu Vianna Junior, Master of Wine<\/p>\n\t\t\n<style>\n#text-4090740619 {\n  text-align: left;\n}\n<\/style>\n\t<\/div>\n\t\n\t\t<\/div>\n\t\t\t\t\t<\/div>\n\n\t\n<\/div>\n\t\t<\/div>\n\t<\/div>\n\t\n<\/div>\n\t\t<\/div>\n\t\t\t\t\n<style>\n#col-108092726 > .col-inner {\n  padding: 0em 1em 1em 1em;\n}\n<\/style>\n\t<\/div>\n\n\t\n<\/div>\n\t\t<\/div>\n\n\t\t\n<style>\n#section_562255801 {\n  padding-top: 0px;\n  padding-bottom: 0px;\n}\n<\/style>\n\t<\/section>\n\t\n\n\t<section class=\"section\" id=\"section_1332221694\">\n\t\t<div class=\"section-bg fill\" >\n\t\t\t\t\t\t\t\t\t\n\t\t\t\n\n\t\t<\/div>\n\n\t\t\n\n\t\t<div class=\"section-content relative\">\n\t\t\t\n\n<div class=\"row row-small align-equal align-center\"  id=\"row-721831413\">\n\n\n\t<div id=\"col-1084213349\" class=\"col medium-3 small-12 large-3\"  data-animate=\"fadeInUp\">\n\t\t\t\t<div class=\"col-inner text-center box-shadow-2\"  >\n\t\t\t\n\t\t\t\n\n\t<div class=\"box has-hover   has-hover box-bounce box-text-bottom\" >\n\n\t\t<div class=\"box-image\" >\n\t\t\t<a href=\"\/en\/visit\/winery-tasting-room\/\" >\t\t\t<div class=\"image-zoom\" >\n\t\t\t\t<img loading=\"lazy\" decoding=\"async\" width=\"2048\" height=\"1367\" src=\"https:\/\/rizman.com.hr\/wp-content\/uploads\/2024\/05\/rizman-terasa.jpg\" class=\"attachment- size-\" alt=\"\" srcset=\"https:\/\/rizman.com.hr\/wp-content\/uploads\/2024\/05\/rizman-terasa.jpg 2048w, https:\/\/rizman.com.hr\/wp-content\/uploads\/2024\/05\/rizman-terasa-500x334.jpg 500w, https:\/\/rizman.com.hr\/wp-content\/uploads\/2024\/05\/rizman-terasa-1024x684.jpg 1024w, https:\/\/rizman.com.hr\/wp-content\/uploads\/2024\/05\/rizman-terasa-300x200.jpg 300w, https:\/\/rizman.com.hr\/wp-content\/uploads\/2024\/05\/rizman-terasa-768x513.jpg 768w, https:\/\/rizman.com.hr\/wp-content\/uploads\/2024\/05\/rizman-terasa-1536x1025.jpg 1536w, https:\/\/rizman.com.hr\/wp-content\/uploads\/2024\/05\/rizman-terasa-1000x667.jpg 1000w\" sizes=\"auto, (max-width: 2048px) 100vw, 2048px\" \/>\t\t\t\t\t\t\t\t\t\t\t<\/div>\n\t\t\t<\/a>\t\t<\/div>\n\n\t\t<div class=\"box-text text-center\" >\n\t\t\t<div class=\"box-text-inner\">\n\t\t\t\t\n\n\t<div id=\"text-2930223485\" class=\"text\">\n\t\t\n\n<h4 style=\"font-weight: bold;\"><a href=\"\/en\/visit\/winery-tasting-room\/\"><strong>VISIT OUR<br \/>WINERY<\/strong><\/a><\/h4>\n\t\t\n<style>\n#text-2930223485 {\n  font-size: 1rem;\n  color: rgb(0,0,0);\n}\n#text-2930223485 > * {\n  color: rgb(0,0,0);\n}\n@media (min-width:550px) {\n  #text-2930223485 {\n    font-size: 0.75rem;\n  }\n}\n@media (min-width:850px) {\n  #text-2930223485 {\n    font-size: 1rem;\n  }\n}\n<\/style>\n\t<\/div>\n\t\n<div class=\"is-divider divider clearfix\" style=\"margin-top:0.5em;margin-bottom:0.5em;max-width:5px;height:1px;background-color:rgba(255, 255, 255, 0);\"><\/div>\n\n\t<div id=\"text-261267899\" class=\"text\">\n\t\t\n\n<p style=\"padding: 0 5px;\">Enjoy wine tastings, wine-pairing meals, and cellar tours.<\/p>\n\t\t\n<style>\n#text-261267899 {\n  font-size: 0.9rem;\n  color: rgb(0,0,0);\n}\n#text-261267899 > * {\n  color: rgb(0,0,0);\n}\n<\/style>\n\t<\/div>\n\t\n\n\t\t\t<\/div>\n\t\t<\/div>\n\t<\/div>\n\t\n\n\t\t<\/div>\n\t\t\t\t\n<style>\n#col-1084213349 > .col-inner {\n  padding: 0px 0px 0px 0px;\n}\n@media (min-width:550px) {\n  #col-1084213349 > .col-inner {\n    padding: 0px 0px 0px 0px;\n  }\n}\n<\/style>\n\t<\/div>\n\n\t\n\n\t<div id=\"col-1058861528\" class=\"col medium-3 small-12 large-3 col-hover-focus\"  data-animate=\"fadeInUp\">\n\t\t\t\t<div class=\"col-inner text-center box-shadow-2\"  >\n\t\t\t\n\t\t\t\n\n\t<div class=\"box has-hover   has-hover box-bounce box-text-bottom\" >\n\n\t\t<div class=\"box-image\" >\n\t\t\t<a href=\"\/en\/visit\/rooms-rizman-bb\/\/\" >\t\t\t<div class=\"image-zoom\" >\n\t\t\t\t<img loading=\"lazy\" decoding=\"async\" width=\"1024\" height=\"683\" src=\"https:\/\/rizman.com.hr\/wp-content\/uploads\/2024\/05\/BB-01.jpg\" class=\"attachment- size-\" alt=\"\" srcset=\"https:\/\/rizman.com.hr\/wp-content\/uploads\/2024\/05\/BB-01.jpg 1024w, https:\/\/rizman.com.hr\/wp-content\/uploads\/2024\/05\/BB-01-500x333.jpg 500w, https:\/\/rizman.com.hr\/wp-content\/uploads\/2024\/05\/BB-01-300x200.jpg 300w, https:\/\/rizman.com.hr\/wp-content\/uploads\/2024\/05\/BB-01-768x512.jpg 768w, https:\/\/rizman.com.hr\/wp-content\/uploads\/2024\/05\/BB-01-1000x667.jpg 1000w\" sizes=\"auto, (max-width: 1024px) 100vw, 1024px\" \/>\t\t\t\t\t\t\t\t\t\t\t<\/div>\n\t\t\t<\/a>\t\t<\/div>\n\n\t\t<div class=\"box-text text-center\" >\n\t\t\t<div class=\"box-text-inner\">\n\t\t\t\t\n\n\t<div id=\"text-3994058333\" class=\"text\">\n\t\t\n\n<h4 style=\"font-weight: bold;\"><a href=\"\/en\/visit\/rooms-rizman-bb\/\"><strong>STAY WITH US<br \/>B&amp;B<\/strong><\/a><\/h4>\n\t\t\n<style>\n#text-3994058333 {\n  font-size: 1rem;\n  color: rgb(0,0,0);\n}\n#text-3994058333 > * {\n  color: rgb(0,0,0);\n}\n@media (min-width:550px) {\n  #text-3994058333 {\n    font-size: 0.75rem;\n  }\n}\n@media (min-width:850px) {\n  #text-3994058333 {\n    font-size: 1rem;\n  }\n}\n<\/style>\n\t<\/div>\n\t\n<div class=\"is-divider divider clearfix\" style=\"margin-top:0.5em;margin-bottom:0.5em;max-width:5px;height:1px;background-color:rgba(255, 255, 255, 0);\"><\/div>\n\n\t<div id=\"text-3537053911\" class=\"text\">\n\t\t\n\n<p style=\"padding:0 15px;\">Unwind in a tranquil retreat, infused with warm hospitality.<\/p>\n\t\t\n<style>\n#text-3537053911 {\n  font-size: 0.9rem;\n  color: rgb(0, 0, 0);\n}\n#text-3537053911 > * {\n  color: rgb(0, 0, 0);\n}\n<\/style>\n\t<\/div>\n\t\n\n\t\t\t<\/div>\n\t\t<\/div>\n\t<\/div>\n\t\n\n\t\t<\/div>\n\t\t\t\t\t<\/div>\n\n\t\n\n\t<div id=\"col-396915738\" class=\"col medium-3 small-12 large-3 col-hover-focus\"  data-animate=\"fadeInUp\">\n\t\t\t\t<div class=\"col-inner text-center box-shadow-2\"  >\n\t\t\t\n\t\t\t\n\n\t<div class=\"box has-hover   has-hover box-bounce box-text-bottom\" >\n\n\t\t<div class=\"box-image\" >\n\t\t\t<a href=\"\/en\/visit\/rizman-rest-stop\/\" >\t\t\t<div class=\"image-zoom\" >\n\t\t\t\t<img loading=\"lazy\" decoding=\"async\" width=\"1920\" height=\"1280\" src=\"https:\/\/rizman.com.hr\/wp-content\/uploads\/2025\/05\/Rizman-rest-stop-odmoriste.jpg\" class=\"attachment- size-\" alt=\"\" srcset=\"https:\/\/rizman.com.hr\/wp-content\/uploads\/2025\/05\/Rizman-rest-stop-odmoriste.jpg 1920w, https:\/\/rizman.com.hr\/wp-content\/uploads\/2025\/05\/Rizman-rest-stop-odmoriste-500x333.jpg 500w, https:\/\/rizman.com.hr\/wp-content\/uploads\/2025\/05\/Rizman-rest-stop-odmoriste-1024x683.jpg 1024w, https:\/\/rizman.com.hr\/wp-content\/uploads\/2025\/05\/Rizman-rest-stop-odmoriste-300x200.jpg 300w, https:\/\/rizman.com.hr\/wp-content\/uploads\/2025\/05\/Rizman-rest-stop-odmoriste-768x512.jpg 768w, https:\/\/rizman.com.hr\/wp-content\/uploads\/2025\/05\/Rizman-rest-stop-odmoriste-1536x1024.jpg 1536w, https:\/\/rizman.com.hr\/wp-content\/uploads\/2025\/05\/Rizman-rest-stop-odmoriste-1000x667.jpg 1000w\" sizes=\"auto, (max-width: 1920px) 100vw, 1920px\" \/>\t\t\t\t\t\t\t\t\t\t\t<\/div>\n\t\t\t<\/a>\t\t<\/div>\n\n\t\t<div class=\"box-text text-center\" >\n\t\t\t<div class=\"box-text-inner\">\n\t\t\t\t\n\n\t<div id=\"text-3999199734\" class=\"text\">\n\t\t\n\n<h4 style=\"font-weight: bold;\"><a href=\"\/en\/visit\/rizman-rest-stop\/\"><strong>RECHARGE AT OUR<br \/>REST STOP<\/strong><\/a><\/h4>\n\t\t\n<style>\n#text-3999199734 {\n  font-size: 1rem;\n  color: rgb(0,0,0);\n}\n#text-3999199734 > * {\n  color: rgb(0,0,0);\n}\n@media (min-width:550px) {\n  #text-3999199734 {\n    font-size: 0.75rem;\n  }\n}\n@media (min-width:850px) {\n  #text-3999199734 {\n    font-size: 1rem;\n  }\n}\n<\/style>\n\t<\/div>\n\t\n<div class=\"is-divider divider clearfix\" style=\"margin-top:0.5em;margin-bottom:0.5em;max-width:5px;height:1px;background-color:rgba(255, 255, 255, 0);\"><\/div>\n\n\t<div id=\"text-2795669005\" class=\"text\">\n\t\t\n\n<p style=\"padding:0 5px;\">Relax with a glass of wine and sweeping views of the Pelje\u0161ac Peninsula.<\/p>\n\t\t\n<style>\n#text-2795669005 {\n  font-size: 0.9rem;\n  color: rgb(0,0,0);\n}\n#text-2795669005 > * {\n  color: rgb(0,0,0);\n}\n<\/style>\n\t<\/div>\n\t\n\n\t\t\t<\/div>\n\t\t<\/div>\n\t<\/div>\n\t\n\n\t\t<\/div>\n\t\t\t\t\t<\/div>\n\n\t\n\n\t<div id=\"col-1116409739\" class=\"col medium-3 small-12 large-3 col-hover-focus\"  data-animate=\"fadeInUp\">\n\t\t\t\t<div class=\"col-inner text-center box-shadow-2\"  >\n\t\t\t\n\t\t\t\n\n\t<div class=\"box has-hover   has-hover box-bounce box-text-bottom\" >\n\n\t\t<div class=\"box-image\" >\n\t\t\t<a href=\"\/en\/trgovina\/\" >\t\t\t<div class=\"image-zoom\" >\n\t\t\t\t<img loading=\"lazy\" decoding=\"async\" width=\"1920\" height=\"1280\" src=\"https:\/\/rizman.com.hr\/wp-content\/uploads\/2025\/05\/rizman-vina-hero.jpg\" class=\"attachment- size-\" alt=\"\" srcset=\"https:\/\/rizman.com.hr\/wp-content\/uploads\/2025\/05\/rizman-vina-hero.jpg 1920w, https:\/\/rizman.com.hr\/wp-content\/uploads\/2025\/05\/rizman-vina-hero-500x333.jpg 500w, https:\/\/rizman.com.hr\/wp-content\/uploads\/2025\/05\/rizman-vina-hero-1024x683.jpg 1024w, https:\/\/rizman.com.hr\/wp-content\/uploads\/2025\/05\/rizman-vina-hero-300x200.jpg 300w, https:\/\/rizman.com.hr\/wp-content\/uploads\/2025\/05\/rizman-vina-hero-768x512.jpg 768w, https:\/\/rizman.com.hr\/wp-content\/uploads\/2025\/05\/rizman-vina-hero-1536x1024.jpg 1536w, https:\/\/rizman.com.hr\/wp-content\/uploads\/2025\/05\/rizman-vina-hero-1000x667.jpg 1000w\" sizes=\"auto, (max-width: 1920px) 100vw, 1920px\" \/>\t\t\t\t\t\t\t\t\t\t\t<\/div>\n\t\t\t<\/a>\t\t<\/div>\n\n\t\t<div class=\"box-text text-center\" >\n\t\t\t<div class=\"box-text-inner\">\n\t\t\t\t\n\n\t<div id=\"text-2229213414\" class=\"text\">\n\t\t\n\n<h4 style=\"font-weight: bold;\"><a href=\"\/en\/trgovina\/\"><strong>TASTE RIZMAN<br \/>AT HOME<\/strong><\/a><\/h4>\n\t\t\n<style>\n#text-2229213414 {\n  font-size: 1rem;\n  color: rgb(0,0,0);\n}\n#text-2229213414 > * {\n  color: rgb(0,0,0);\n}\n@media (min-width:550px) {\n  #text-2229213414 {\n    font-size: 0.75rem;\n  }\n}\n@media (min-width:850px) {\n  #text-2229213414 {\n    font-size: 1rem;\n  }\n}\n<\/style>\n\t<\/div>\n\t\n<div class=\"is-divider divider clearfix\" style=\"margin-top:0.5em;margin-bottom:0.5em;max-width:5px;height:1px;background-color:rgba(255, 255, 255, 0);\"><\/div>\n\n\t<div id=\"text-1433746706\" class=\"text\">\n\t\t\n\n<p style=\"padding:0 15px;\">Taste Croatian organic wines in your own home.<\/p>\n\n\t\t\n<style>\n#text-1433746706 {\n  font-size: 0.9rem;\n  color: rgb(0,0,0);\n}\n#text-1433746706 > * {\n  color: rgb(0,0,0);\n}\n<\/style>\n\t<\/div>\n\t\n\n\t\t\t<\/div>\n\t\t<\/div>\n\t<\/div>\n\t\n\n\t\t<\/div>\n\t\t\t\t\t<\/div>\n\n\t\n\n<\/div>\n\n\t\t<\/div>\n\n\t\t\n<style>\n#section_1332221694 {\n  padding-top: 1em;\n  padding-bottom: 1em;\n}\n@media (min-width:550px) {\n  #section_1332221694 {\n    padding-top: 5em;\n    padding-bottom: 5em;\n  }\n}\n<\/style>\n\t<\/section>\n\t\n","protected":false},"excerpt":{"rendered":"","protected":false},"author":1,"featured_media":0,"parent":2636,"menu_order":2,"comment_status":"closed","ping_status":"closed","template":"page-blank.php","meta":{"footnotes":""},"class_list":["post-2690","page","type-page","status-publish","hentry"],"_links":{"self":[{"href":"https:\/\/rizman.com.hr\/en\/wp-json\/wp\/v2\/pages\/2690","targetHints":{"allow":["GET"]}}],"collection":[{"href":"https:\/\/rizman.com.hr\/en\/wp-json\/wp\/v2\/pages"}],"about":[{"href":"https:\/\/rizman.com.hr\/en\/wp-json\/wp\/v2\/types\/page"}],"author":[{"embeddable":true,"href":"https:\/\/rizman.com.hr\/en\/wp-json\/wp\/v2\/users\/1"}],"replies":[{"embeddable":true,"href":"https:\/\/rizman.com.hr\/en\/wp-json\/wp\/v2\/comments?post=2690"}],"version-history":[{"count":7,"href":"https:\/\/rizman.com.hr\/en\/wp-json\/wp\/v2\/pages\/2690\/revisions"}],"predecessor-version":[{"id":11562,"href":"https:\/\/rizman.com.hr\/en\/wp-json\/wp\/v2\/pages\/2690\/revisions\/11562"}],"up":[{"embeddable":true,"href":"https:\/\/rizman.com.hr\/en\/wp-json\/wp\/v2\/pages\/2636"}],"wp:attachment":[{"href":"https:\/\/rizman.com.hr\/en\/wp-json\/wp\/v2\/media?parent=2690"}],"curies":[{"name":"wp","href":"https:\/\/api.w.org\/{rel}","templated":true}]}}