
{"id":2617,"date":"2017-09-06T21:46:01","date_gmt":"2017-09-06T19:46:01","guid":{"rendered":"https:\/\/rizman.com.hr\/?page_id=2617"},"modified":"2026-03-02T14:49:07","modified_gmt":"2026-03-02T13:49:07","slug":"visit","status":"publish","type":"page","link":"https:\/\/rizman.com.hr\/en\/visit\/","title":{"rendered":"Visit"},"content":{"rendered":"\n\t<section class=\"section has-parallax\" id=\"section_1827997319\">\n\t\t<div class=\"section-bg fill\" data-parallax-container=\".section\" data-parallax-background data-parallax=\"-4\">\n\t\t\t<img loading=\"lazy\" decoding=\"async\" width=\"1920\" height=\"1280\" src=\"https:\/\/rizman.com.hr\/wp-content\/uploads\/2025\/05\/posjeti-rizman-hero.jpg\" class=\"bg attachment-original size-original\" alt=\"\" \/>\t\t\t\t\t\t\n\t\t\t\n\n\t\t<\/div>\n\n\t\t\n\n\t\t<div class=\"section-content relative\">\n\t\t\t\n\n\t\t<\/div>\n\n\t\t\n<style>\n#section_1827997319 {\n  padding-top: 0px;\n  padding-bottom: 0px;\n  min-height: 65vh;\n}\n#section_1827997319 .section-bg img {\n  object-position: 51% 67%;\n}\n@media (min-width:550px) {\n  #section_1827997319 {\n    min-height: 75vh;\n  }\n}\n@media (min-width:850px) {\n  #section_1827997319 {\n    min-height: 75vh;\n  }\n}\n<\/style>\n\t<\/section>\n\t\n\n\t<section class=\"section\" id=\"section_716647212\">\n\t\t<div class=\"section-bg fill\" >\n\t\t\t\t\t\t\t\t\t\n\t\t\t\n\n\t\t<\/div>\n\n\t\t\n\n\t\t<div class=\"section-content relative\">\n\t\t\t\n\t\t<div class=\"hero-naslov\">\n\t\t\t\t\n<div>\n<h1 class=\"naslov-h\"> Visit Rizman Winery<\/h1>\n<p class=\"naslov-p\">\n<\/div>\n\t\t<\/div>\n\t\n<div class=\"row row-small align-middle align-center\" style=\"max-width:780px\" id=\"row-1689468664\">\n\n\t<div id=\"col-657933269\" class=\"col small-11 large-12\"  >\n\t\t\t\t<div class=\"col-inner text-center\"  >\n\t\t\t\n\t\t\t\n<div class=\"row align-middle align-center\"  id=\"row-2068201980\">\n\n\t<div id=\"col-1725497798\" class=\"col medium-12 small-12 large-12\"  >\n\t\t\t\t<div class=\"col-inner\"  >\n\t\t\t\n\t\t\t\n\t<div id=\"text-1372624349\" class=\"text\">\n\t\t\n<h4 class=\"thin-font\"> The Leading Wine Destination in Croatia<br \/>\n<\/h4>\n<p><!-- h4 class=\"thin-font\"> Vinska destinacija gdje \u017eivot uspori, a tijelo odmori<br \/ --><br \/>\n<\/h4>\n\t\t\n<style>\n#text-1372624349 {\n  font-size: 1.5rem;\n  line-height: 1.25;\n  text-align: center;\n}\n@media (min-width:550px) {\n  #text-1372624349 {\n    line-height: 1.1;\n  }\n}\n@media (min-width:850px) {\n  #text-1372624349 {\n    font-size: 1.5rem;\n  }\n}\n<\/style>\n\t<\/div>\n\t\n\t<div id=\"text-999211028\" class=\"text\">\n\t\t\n<p>The Rizman family welcomes you to an authentic experience of Dalmatia. One of the best experiences you can have in Croatia is wine tasting at a winery. Add to that the magnificent view of the Adriatic Sea, the Pelje\u0161ac Bridge, the island of Hvar, and a set of small islands in the bay, and you&#8217;ll have one of the best experiences in Croatia&#8217;s youngest wine region, Komarna.<\/p>\n<p><!--p>Jedno od najboljih iskustava koje si mo\u017eete priu\u0161titi u Hrvatskoj je ku\u0161anje vina u vinariji. Dodajte tome veli\u010danstven pogled na Jadransko more, Pelje\u0161ki most, otok Hvar i set malih oto\u010di\u0107a u zaljevu i dobit \u0107ete jedno od najboljih iskustava u najmla\u0111oj hrvatskoj vinskoj regiji Komarna. Obitelj Rizman vas poziva da do\u017eivite autenti\u010dnu Dalmaciju.<\/p --><\/p>\n\t\t\n<style>\n#text-999211028 {\n  line-height: 2;\n}\n<\/style>\n\t<\/div>\n\t\n\t\t<\/div>\n\t\t\t\t\n<style>\n#col-1725497798 > .col-inner {\n  padding: 5em 0px 1em 0px;\n}\n@media (min-width:550px) {\n  #col-1725497798 > .col-inner {\n    padding: 5em 0px 1em 0px;\n  }\n}\n@media (min-width:850px) {\n  #col-1725497798 > .col-inner {\n    padding: 5em 0px 5em 0px;\n  }\n}\n<\/style>\n\t<\/div>\n\n\t\n<\/div>\n\t\t<\/div>\n\t\t\t\t\t<\/div>\n\n\t\n<\/div>\n\t\t<\/div>\n\n\t\t\n<style>\n#section_716647212 {\n  padding-top: 0px;\n  padding-bottom: 0px;\n  margin-bottom: 0px;\n  background-color: #d5d4cb;\n}\n@media (min-width:850px) {\n  #section_716647212 {\n    padding-top: 0px;\n    padding-bottom: 0px;\n  }\n}\n<\/style>\n\t<\/section>\n\t\n\n\t<section class=\"section\" id=\"section_1804012393\">\n\t\t<div class=\"section-bg fill\" >\n\t\t\t\t\t\t\t\t\t\n\t\t\t\n\n\t\t<\/div>\n\n\t\t\n\n\t\t<div class=\"section-content relative\">\n\t\t\t\n<div class=\"row row-collapse row-full-width align-middle align-center\"  id=\"row-645487915\">\n\n\t<div id=\"col-1997244681\" class=\"col medium-6 small-12 large-6\"  >\n\t\t\t\t<div class=\"col-inner text-center\"  >\n\t\t\t\n\t\t\t\n\t<div id=\"text-3508109546\" class=\"text\">\n\t\t\n<h3 style=\"text-align: center; font-weight: bold;\"><span style=\"font-size: 130%;\">W<\/span>INERY RIZMAN\/ TASTING ROOM<\/h3>\n<p>Join us for a unique experience: indigenous wine varieties, organic production, local and traditional delicacies, along with a warm welcome and breathtaking views of the Adriatic Sea.<\/p>\n\t\t\n<style>\n#text-3508109546 {\n  font-size: 1rem;\n  line-height: 1.7;\n}\n<\/style>\n\t<\/div>\n\t\n\n<p><a class=\"rezervacija-button\" href=\"en\/visit\/winery-tasting-room\/\"> VIEW MORE <\/a><br \/>\n\n\t\t<\/div>\n\t\t\t\t\n<style>\n#col-1997244681 > .col-inner {\n  padding: 0px 40px 0px 40px;\n}\n<\/style>\n\t<\/div>\n\n\t\n\n\t<div id=\"col-1989133597\" class=\"col medium-6 small-12 large-6 small-col-first\"  >\n\t\t\t\t<div class=\"col-inner\"  >\n\t\t\t\n\t\t\t\n\n  <div class=\"banner has-hover\" id=\"banner-69855288\">\n          <div class=\"banner-inner fill\">\n        <div class=\"banner-bg fill\" >\n            <img loading=\"lazy\" decoding=\"async\" width=\"2048\" height=\"1367\" src=\"https:\/\/rizman.com.hr\/wp-content\/uploads\/2024\/05\/rizman-terasa.jpg\" class=\"bg attachment-original size-original\" alt=\"\" \/>                                    \n                    <\/div>\n\t\t\n        <div class=\"banner-layers container\">\n            <div class=\"fill banner-link\"><\/div>            \n        <\/div>\n      <\/div>\n\n            \n<style>\n#banner-69855288 {\n  padding-top: 56.25%;\n}\n#banner-69855288 .banner-bg img {\n  object-position: 50% 73%;\n}\n<\/style>\n  <\/div>\n\n\n\t\t<\/div>\n\t\t\t\t\t<\/div>\n\n\t\n<\/div>\n\n\t\t<\/div>\n\n\t\t\n<style>\n#section_1804012393 {\n  padding-top: 3em;\n  padding-bottom: 3em;\n  background-color: #ebeadf;\n}\n<\/style>\n\t<\/section>\n\t\n\n\t<section class=\"section\" id=\"section_520494798\">\n\t\t<div class=\"section-bg fill\" >\n\t\t\t\t\t\t\t\t\t\n\t\t\t\n\n\t\t<\/div>\n\n\t\t\n\n\t\t<div class=\"section-content relative\">\n\t\t\t\n<div class=\"row row-collapse row-full-width align-middle align-center\"  id=\"row-1787918895\">\n\n\t<div id=\"col-719349627\" class=\"col medium-6 small-12 large-6\"  >\n\t\t\t\t<div class=\"col-inner\"  >\n\t\t\t\n\t\t\t\n\n  <div class=\"banner has-hover\" id=\"banner-188878703\">\n          <div class=\"banner-inner fill\">\n        <div class=\"banner-bg fill\" >\n            <img loading=\"lazy\" decoding=\"async\" width=\"1920\" height=\"1282\" src=\"https:\/\/rizman.com.hr\/wp-content\/uploads\/2024\/07\/rizman-sobe-bb-01hd.jpg\" class=\"bg attachment-original size-original\" alt=\"\" \/>                                    \n                    <\/div>\n\t\t\n        <div class=\"banner-layers container\">\n            <div class=\"fill banner-link\"><\/div>            \n        <\/div>\n      <\/div>\n\n            \n<style>\n#banner-188878703 {\n  padding-top: 56.25%;\n}\n#banner-188878703 .banner-bg img {\n  object-position: 51% 54%;\n}\n<\/style>\n  <\/div>\n\n\n\t\t<\/div>\n\t\t\t\t\t<\/div>\n\n\t\n\n\t<div id=\"col-934275127\" class=\"col medium-6 small-12 large-6\"  >\n\t\t\t\t<div class=\"col-inner text-center\"  >\n\t\t\t\n\t\t\t\n<h3 style=\"text-align: center; font-weight: bold;\"><span style=\"font-size: 130%;\">R<\/span>IZMAN <span style=\"font-size: 130%;\">B<\/span>&amp;<span style=\"font-size: 130%;\">B<\/span><\/h3>\n<p style=\"text-align: center;\">Experience the joy of Dalmatian life at our boutique B&amp;B<\/p>\n\n<p><a class=\"rezervacija-button\" href=\"\/en\/visit\/rooms-rizman-bb\/\"> VIEW MORE <\/a><br \/>\n\n\t\t<\/div>\n\t\t\t\t\n<style>\n#col-934275127 > .col-inner {\n  padding: 0px 40px 0px 40px;\n}\n<\/style>\n\t<\/div>\n\n\t\n<\/div>\n\t\t<\/div>\n\n\t\t\n<style>\n#section_520494798 {\n  padding-top: 3em;\n  padding-bottom: 3em;\n  background-color: rgb(213, 212, 203);\n}\n<\/style>\n\t<\/section>\n\t\n\n\t<section class=\"section\" id=\"section_1141448838\">\n\t\t<div class=\"section-bg fill\" >\n\t\t\t\t\t\t\t\t\t\n\t\t\t\n\n\t\t<\/div>\n\n\t\t\n\n\t\t<div class=\"section-content relative\">\n\t\t\t\n<div class=\"row row-collapse row-full-width align-middle\"  id=\"row-1241316546\">\n\n\t<div id=\"col-933522891\" class=\"col medium-6 small-12 large-6\"  >\n\t\t\t\t<div class=\"col-inner text-center\"  >\n\t\t\t\n\t\t\t\n\t<div id=\"text-1532869011\" class=\"text\">\n\t\t\n<h3 style=\"text-align: center; font-weight: bold;\"><span style=\"font-size: 130%;\">R<\/span>IZMAN REST STOP <span style=\"font-size: 130%;\">R<\/span>ABA<\/h3>\n<p>If you don&#8217;t have much time but want to experience an unforgettable wine ambiance right next to the Adriatic Highway D8, then the Rizman Rest Area Raba is the perfect place for you.<\/p>\n\t\t\n<style>\n#text-1532869011 {\n  font-size: 1rem;\n  line-height: 1.4;\n  text-align: center;\n}\n<\/style>\n\t<\/div>\n\t\n\n<p><a class=\"rezervacija-button\" href=\"\/en\/visit\/rizman-rest-stop\/\"> VIEW MORE <\/a><br \/>\n\n\t\t<\/div>\n\t\t\t\t\n<style>\n#col-933522891 > .col-inner {\n  padding: 0px 50px 0px 50px;\n  margin: 0px 50px 0px 0px;\n}\n<\/style>\n\t<\/div>\n\n\t\n\n\t<div id=\"col-1524690385\" class=\"col medium-6 small-12 large-6 small-col-first\"  >\n\t\t\t\t<div class=\"col-inner\"  >\n\t\t\t\n\t\t\t\n\n  <div class=\"banner has-hover\" id=\"banner-1546506152\">\n          <div class=\"banner-inner fill\">\n        <div class=\"banner-bg fill\" >\n            <img loading=\"lazy\" decoding=\"async\" width=\"1920\" height=\"1282\" src=\"https:\/\/rizman.com.hr\/wp-content\/uploads\/2017\/12\/rizman-rest-raba.jpg\" class=\"bg attachment-original size-original\" alt=\"\" \/>                                    \n                    <\/div>\n\t\t\n        <div class=\"banner-layers container\">\n            <div class=\"fill banner-link\"><\/div>            \n        <\/div>\n      <\/div>\n\n            \n<style>\n#banner-1546506152 {\n  padding-top: 56.25%;\n}\n#banner-1546506152 .banner-bg img {\n  object-position: 50% 50%;\n}\n<\/style>\n  <\/div>\n\n\n\t\t<\/div>\n\t\t\t\t\t<\/div>\n\n\t\n<\/div>\n\t\t<\/div>\n\n\t\t\n<style>\n#section_1141448838 {\n  padding-top: 3em;\n  padding-bottom: 3em;\n  background-color: #ebeadf;\n}\n<\/style>\n\t<\/section>\n\t\n\n\t<section class=\"section\" id=\"section_2076882860\">\n\t\t<div class=\"section-bg fill\" >\n\t\t\t\t\t\t\t\t\t\n\t\t\t\n\n\t\t<\/div>\n\n\t\t\n\n\t\t<div class=\"section-content relative\">\n\t\t\t\n<div class=\"row align-middle\"  id=\"row-1217259269\">\n\n\t<div id=\"col-934891364\" class=\"col small-12 large-12\"  >\n\t\t\t\t<div class=\"col-inner text-center\"  >\n\t\t\t\n\t\t\t\n<p class=\"p1\" style=\"text-align: center;\">The Rizman Winery is a pioneer in Croatia&#8217;s youngest wine-growing region, Komarna, which is located:<\/p>\n<p class=\"p1\" style=\"text-align: center;\">Right next to the Pelje\u0161ac Bridge<br \/>\n<span style=\"font-size: 120%;\"><strong>15<\/strong><\/span> km from Neum (Bosnia and Herzegovina)<br \/>\n<span style=\"font-size: 120%;\"><strong>84<\/strong><\/span> km from Dubrovnik<br \/>\n<span style=\"font-size: 120%;\"><strong>152<\/strong><\/span> km from Split <\/p>\n\t\t<\/div>\n\t\t\t\t\n<style>\n#col-934891364 > .col-inner {\n  padding: 2em 0px 0px 0px;\n  margin: 2em 0px 0px 0px;\n}\n<\/style>\n\t<\/div>\n\n\t\n\n<style>\n#row-1217259269 > .col > .col-inner {\n  padding: 0px 0px 0px 0px;\n}\n<\/style>\n<\/div>\n\t\t<\/div>\n\n\t\t\n<style>\n#section_2076882860 {\n  padding-top: 15px;\n  padding-bottom: 15px;\n  background-color: #ebeadf;\n}\n<\/style>\n\t<\/section>\n\t\n","protected":false},"excerpt":{"rendered":"","protected":false},"author":1,"featured_media":0,"parent":0,"menu_order":0,"comment_status":"closed","ping_status":"closed","template":"page-blank.php","meta":{"footnotes":""},"class_list":["post-2617","page","type-page","status-publish","hentry"],"_links":{"self":[{"href":"https:\/\/rizman.com.hr\/en\/wp-json\/wp\/v2\/pages\/2617","targetHints":{"allow":["GET"]}}],"collection":[{"href":"https:\/\/rizman.com.hr\/en\/wp-json\/wp\/v2\/pages"}],"about":[{"href":"https:\/\/rizman.com.hr\/en\/wp-json\/wp\/v2\/types\/page"}],"author":[{"embeddable":true,"href":"https:\/\/rizman.com.hr\/en\/wp-json\/wp\/v2\/users\/1"}],"replies":[{"embeddable":true,"href":"https:\/\/rizman.com.hr\/en\/wp-json\/wp\/v2\/comments?post=2617"}],"version-history":[{"count":20,"href":"https:\/\/rizman.com.hr\/en\/wp-json\/wp\/v2\/pages\/2617\/revisions"}],"predecessor-version":[{"id":12181,"href":"https:\/\/rizman.com.hr\/en\/wp-json\/wp\/v2\/pages\/2617\/revisions\/12181"}],"wp:attachment":[{"href":"https:\/\/rizman.com.hr\/en\/wp-json\/wp\/v2\/media?parent=2617"}],"curies":[{"name":"wp","href":"https:\/\/api.w.org\/{rel}","templated":true}]}}